{"id":1054,"date":"2022-01-28T15:42:02","date_gmt":"2022-01-28T14:42:02","guid":{"rendered":"http:\/\/www.hoteltrerose.com\/?page_id=1054"},"modified":"2024-01-17T16:22:25","modified_gmt":"2024-01-17T15:22:25","slug":"listino","status":"publish","type":"page","link":"https:\/\/www.hoteltrerose.com\/de\/listino\/","title":{"rendered":"Behandlungen"},"content":{"rendered":"<section class=\"wao-blocks-container container-fluid mb-2\"\n\t\t>\n    \n<div class=\"wao-blocks-row row\" >\n    \n\n<div class=\"col-12 col-md-12 px-5 pt-5 pb-4 text-center\"\n     \n\t \n\t>\n        \n\n<div class=\"breadcrumb-block\"\n    >\n    <div class=\"text-primary text-small\">\n        <a href=\"https:\/\/www.hoteltrerose.com\/de\" rel=\"nofollow\" title=\"Startseite\">Startseite &gt;<\/a>\n        Behandlungen    <\/div>\n<\/div>\n\n\n<h1 class=\"wp-block-heading has-text-align-center\">Urlaub am Meer<\/h1>\n\n\n\n<h2 class=\"wp-block-heading has-text-align-center\">Riccione wartet auf Sie<\/h2>\n\n\n\n<p>Das Hotel <strong>Drei Rosen in Riccione<\/strong> ist die ideale Wahl f\u00fcr Ausgaben <strong>Urlaub am Meer<\/strong> Familie, als Paar oder mit einer Gruppe von Freunden.<br>W\u00e4hlen Sie den Zeitraum, den Sie bevorzugen, die Behandlung, die am besten zu Ihnen passt, <strong>Kontaktieren Sie uns<\/strong>&nbsp;f\u00fcr die Verf\u00fcgbarkeit... und denken Sie daran, unsere Vorteile zu nutzen <strong>Sonderangebote<\/strong>.<br><\/p>\n\n\n\n<div class=\"wao-blocks-button\" >\n\t<a href=\"http:\/\/www.hoteltrerose.com\/de\/offerte\/\" \n\t\tclass=\"btn rounded-0 btn-primary p-2\"\n        scopri tutte le offerte\ttitle=\"Alle Angebote anzeigen\" \n\t>\t\n\t\t\t\tAlle Angebote anzeigen\t\t\t<\/a>\n<\/div>\n    <\/div>\n<\/div>\n<\/section>\n\n<section class=\"wao-blocks-container container-fluid mb-0\"\n\t\t>\n    \n<div class=\"wao-blocks-row row\" >\n    \n\n<div class=\"col-12 col-md-12 pb-5\"\n     \n\t \n\t>\n        \n<!-- div class=\"mx-auto\" style=\"max-width:1280px;\" >\n\n\n<div class=\"wao-blocks-nav-tab\">\n    <ul class=\"nav nav-tabs nav-tabs-icon d-flex justify-content-start\" role=\"tablist\">\n                <li class=\"nav-item\">\n            <a class=\"nav-link text-primary active\" data-toggle=\"tab\"\n                href=\"#Per-data\"\n                id=\"Per-data-tab\" role=\"tab\"\n                aria-controls=\"Per-data\"\n                aria-selected=\"true\" title=\"Per data\">\n                <i class=\"fas fa-mobile-alt\"><\/i>            <\/a>\n\n        <\/li>\n                <li class=\"nav-item\">\n            <a class=\"nav-link text-primary \" data-toggle=\"tab\"\n                href=\"#Per-trattamento\"\n                id=\"Per-trattamento-tab\" role=\"tab\"\n                aria-controls=\"Per-trattamento\"\n                aria-selected=\"true\" title=\"Per trattamento\">\n                <i class=\"fas fa-list-ul\"><\/i>            <\/a>\n\n        <\/li>\n            <\/ul>\n    <div class=\"tab-content\">\n                <div class=\"tab-pane fade active show\"\n            id=\"Per-data\" role=\"tabpanel\"\n            aria-labelledby=\"Per-data-tab\">\n            \n    \n<div class=\"mx-auto\" style=\"max-width:1280px;\" id=\"g--style-listino\">\n\n<div class=\"aolistino_root\" id=\"listino_block\"><\/div>\n<script>\nvar config_listino_block = {\n    rootEl: `listino_block`,\n    idHotel: 3093,\n    lingua : 'de',\n    filtroListini: \"\",\n    orderByTrattamento: \"ASC\",\n    showNotes: \"1\",\n    idTrattamentoSelezionato: \"\", \n    theme: {\n        colors: {\n            primary: `#de3c74`,\n            secondary: `#ffffff`,\n            borderBox: `#be57a1`,\n        }\n    },\n    btnlink: `<a id=\"btn-cont-aolist\" href=\"javascript:void(0)\" onclick=\"goToByScroll('#merida_block')\" class=\"mx-2 rounded-0 btn btn-secondary text-uppercase\">kontaktiere uns\n<\/a>`\n};\n\n(function(url, cb) {\n    var s = document.createElement(\"script\");\n    s.type = \"text\/javascript\";\n\n    if (s.readyState) { \/\/IE\n        s.onreadystatechange = function() {\n            if (s.readyState == \"loaded\" || s.readyState == \"complete\") {\n                s.onreadystatechange = null;\n                cb();\n            }\n        };\n    } else { \/\/Others\n        s.onload = function() {\n            cb();\n        };\n    }\n\n    s.src = url;\n    document.getElementsByTagName(\"head\")[0].appendChild(s);\n})(\"https:\/\/static.adriasonline.it\/AoListino\/latest\/aolistino.js\", function() {\n    aolistino(config_listino_block );\n});\n<\/script>\n\n<\/div>\n<\/div>\n\n\n\n                    <div class=\"tab-pane fade\"\n            id=\"Per-trattamento\" role=\"tabpanel\"\n            aria-labelledby=\"Per-trattamento-tab\">\n            \n    \n<div class=\"mx-auto\" style=\"max-width:1280px;\" id=\"g--style-listino\">\n\n\n\n<style>\n\t.nav-link{\n\t\tborder-radius: 0px 15px 0px 0px !important;\t}\n\t.nav-tabs .nav-item.show .nav-link, .nav-tabs .nav-link.active{\n\t\tborder-radius: 0px 15px 0px 0px !important;\t}\n<\/style>\n\t<div class=\"wao-blocks-listino-v1\" data-cof=\"true\" data-cof-rule=\"\">\n\t\t<div class=\"\" data-vertical-space=\"10\" style=\"z-index: 999;\">\n\t\t\t\t\t<\/div> \n\t\t<div class=\"tab-content \">\n\t\t\t\t\t<\/div>\n\t<\/div>\n\n<\/div>\n<\/div>\n\n                    <\/div>\n    <\/div>\n\n<\/div-->\n<div class=\"mx-auto\"  style=\"max-width:1140px;\">\n<div class=\"my-4 text-left\">\n\n\n<p>Die All-Inclusive-Behandlung umfasst:<\/p>\n\n\n\n<ul class=\"wp-block-list\">\n<li>\u00dcbernachtung in <strong>Zimmer<\/strong> ausgestattet mit allen <strong>Komfort<\/strong><\/li>\n\n\n\n<li><strong>Leckere B\u00fcffets <\/strong>Fleisch und Fisch zum Mittag- und Abendessen<\/li>\n\n\n\n<li><strong>Wasser + Wein<\/strong> Haus rot und funkelnd wei\u00df&nbsp;<\/li>\n\n\n\n<li><strong>Klimatisierung\/Heizung<\/strong> im Zimmer<\/li>\n\n\n\n<li>1 Sonnenschirm + 2 Liegest\u00fchle in <strong>Strand <\/strong>w\u00e4hrend der Sommermonate<\/li>\n\n\n\n<li>T\u00e4glicher Eintritt in die <strong>Wasserpark Beach Village<\/strong> w\u00e4hrend der Sommermonate<\/li>\n\n\n\n<li><strong>Animation f\u00fcr Kinder <\/strong>1. Juni bis 31. August<\/li>\n<\/ul>\n\n\n\n<p>Bei der Behandlung <strong>Voller Vorstand <\/strong>sind geplant:<\/p>\n\n\n\n<ul class=\"wp-block-list\">\n<li>\u00dcbernachtung in <strong>Zimmer<\/strong> ausgestattet mit allen <strong>Komfort<\/strong><\/li>\n\n\n\n<li><strong>Leckere B\u00fcffets <\/strong>Fleisch und Fisch zum Mittag- und Abendessen<\/li>\n\n\n\n<li><strong>Wasser + Wein<\/strong> Haus rot und funkelnd wei\u00df&nbsp;<\/li>\n\n\n\n<li><strong>Klimatisierung\/Heizung<\/strong> im Zimmer<\/li>\n\n\n\n<li>T\u00e4glicher Eintritt in die <strong>Wasserpark Beach Village<\/strong> w\u00e4hrend der Sommermonate<\/li>\n<\/ul>\n\n\n\n<p>Bei der Behandlung <strong>B&amp;b<\/strong> sind enthalten:<\/p>\n\n\n\n<ul class=\"wp-block-list\">\n<li>\u00dcbernachtung in <strong>Zimmer<\/strong> ausgestattet mit allen <strong>Komfort<\/strong><\/li>\n\n\n\n<li><strong>Leckeres Fr\u00fchst\u00fccksbuffet<\/strong><\/li>\n\n\n\n<li><strong>Klimatisierung\/Heizung<\/strong> im Zimmer<\/li>\n<\/ul>\n\n\n\n<p><em>Auch Behandlung m\u00f6glich <\/em><strong><em>Halbpension<\/em><\/strong><em> e <\/em><strong><em>Halbpension mit Strand.<\/em><\/strong><\/p>\n\n\n\n<p>Erg\u00e4nzungen:<\/p>\n\n\n\n<ul class=\"wp-block-list\">\n<li><strong>Parken<\/strong> extern ab 8 Euro pro Tag<\/li>\n\n\n\n<li>Haustiere sind gegen einen kleinen Aufpreis von 10 Euro f\u00fcr die Endreinigung willkommen<\/li>\n<\/ul>\n\n\n\n<p>Erm\u00e4\u00dfigungen:<\/p>\n\n\n\n<p><em>Rabatt f\u00fcr Erwachsene:<\/em><\/p>\n\n\n\n<ul class=\"wp-block-list\">\n<li>Drittes Bett Rabatt 10%<\/li>\n\n\n\n<li>Viertes Bett Rabatt 15%<\/li>\n<\/ul>\n\n\n\n<p><em>Erm\u00e4\u00dfigungen f\u00fcr <\/em><strong><em>ein Kind in einem Zimmer mit 2 Erwachsenen<\/em><\/strong><em>:<\/em><\/p>\n\n\n\n<ul class=\"wp-block-list\">\n<li>1 Kind<strong> <\/strong>bis zu 3 Jahre alt bleiben<strong> Kostenlos<\/strong><\/li>\n\n\n\n<li>1 Kind im Alter von 4 bis 7 Jahren Rabatt 50%<\/li>\n\n\n\n<li>1 Kind von 8 bis 10 Jahren Rabatt 30%<\/li>\n\n\n\n<li>1 Kind im Alter von 11 bis 13 Jahren Rabatt von 20%<\/li>\n\n\n\n<li>1 Kind im Alter von 14 bis 17 Jahren Rabatt 15%<\/li>\n<\/ul>\n\n\n\n<p><\/p>\n\n\n\n<p>Dienstleistungen des Hotels:<\/p>\n\n\n\n<ul class=\"wp-block-list\">\n<li><strong>Zimmer <\/strong>komfortabel klimatisiert <strong>konditioniert<\/strong>, <strong>Balkon<\/strong>Safe, TV, Dusche, Haartrockner und <strong>Wifi<\/strong><\/li>\n\n\n\n<li>Ausgezeichnete Verpflegung mit reichhaltigen und abwechslungsreichen Buffets zum Fr\u00fchst\u00fcck, Mittag- und Abendessen<\/li>\n\n\n\n<li><strong>Zwei Schwimmb\u00e4der <\/strong>conampia <strong>Solariumbereich<\/strong> ausgestattet mit Liegest\u00fchlen und Sonnenschirmen<\/li>\n\n\n\n<li>Bar und Vermietung von <strong>Fahrr\u00e4der<\/strong>auch mit Kindersitz erh\u00e4ltlich<\/li>\n\n\n\n<li><strong>Spielbereich<\/strong> Kinder, Kinderclub im Hotel und <strong>Animation<\/strong> am Strand<\/li>\n<\/ul>\n\n\n<\/div>\n<\/div>\n    <\/div>\n<\/div>\n<\/section>\n\n<section class=\"wao-blocks-container container-fluid mb-0\"\n\t\t>\n    \n<div class=\"wao-blocks-row row\" >\n    \n\n<div class=\"col-12 col-md-12 col-lg-6 col-xl-4 p-5 g--bkg-light-01\"\n     \n\t \n\t>\n        \n\n<h2 class=\"wp-block-heading pb-4\">Sie w\u00e4hlen uns wegen:<\/h2>\n\n\n<div class=\"py-2\">\n\n\n<h3 class=\"wp-block-heading px-2\">Die 2 gro\u00dfen Pools <\/h3>\n\n\n\n<hr class=\"wp-block-separator has-css-opacity\"\/>\n\n\n<\/div>\n<div class=\"py-2\">\n\n\n<h3 class=\"wp-block-heading px-2\">Dienstleistungen f\u00fcr Familien <\/h3>\n\n\n\n<hr class=\"wp-block-separator has-css-opacity\"\/>\n\n\n<\/div>\n<div class=\"py-2\">\n\n\n<h3 class=\"wp-block-heading px-2\">Standort <\/h3>\n\n\n\n<hr class=\"wp-block-separator has-css-opacity\"\/>\n\n\n<\/div>\n<div class=\"py-2\">\n\n\n<h3 class=\"wp-block-heading px-2\">Die gro\u00dfen R\u00e4ume <\/h3>\n\n\n\n<hr class=\"wp-block-separator has-css-opacity\"\/>\n\n\n<\/div>\n<div class=\"py-2\">\n\n\n<h3 class=\"wp-block-heading px-2\">All-Inclusive-Formel<\/h3>\n\n\n\n<hr class=\"wp-block-separator has-css-opacity\"\/>\n\n\n<\/div>\n    <\/div>\n\n\n<div class=\"col-12 col-md-12 col-lg-6 col-xl-8 p-5 g--bkg-dark-03\"\n     \n\t \n\t>\n        \n\n<h3 class=\"wp-block-heading has-text-align-center h1 text-white pb-4\">Angebot anfordern<\/h3>\n\n\n<div class=\"mx-auto\" style=\"max-width:800px;\">\n\n\n<div class=\"merida_root\" id=\"merida_block\"><\/div>\n\n<script>\nvar merida_config_merida_block = {\n    customerId: 3747 ,\n    showSuccessModal : true,\n    rootEl: \"merida_block\",\n    childrenAgeMax: 16,\n    childrenAgeMin: 0,\n    layout: \"compact\",\n    language: \"de\",\n                theme : {\n        colors: {\n            primary: '#de3c74',\n            primaryTextAlt: '#ffffff',\n            secondary: '#4a353c',\n            secondaryTextAlt: '#ffffff',\n            text: '#4a353c',\n            error: '#cc0033',\n            formBackground: '#18ccdb',\n            label: '#4d4d4d',\n            labelInput: '#de3c74',\n            labelInputActive: '#7ebd6d',\n            inputBackground: '#eeeeee',\n            inputBorder: '#eeeeee',\n            checkboxBorder: '#eeeeee',\n        }\n    },\n    onSuccess : function(res) {\n        \n                        if (typeof(ga) !== 'undefined') {\n                   ga('send', 'event', 'Email', 'Invio', 'Form');\n                }\n                    }\n};\n\n(function(url, cb) {\n    var s = document.createElement(\"script\");\n    s.type = \"text\/javascript\";\n\n    if (s.readyState) { \/\/IE\n        s.onreadystatechange = function() {\n            if (s.readyState == \"loaded\" || s.readyState == \"complete\") {\n                s.onreadystatechange = null;\n                cb();\n            }\n        };\n    } else { \/\/Others\n        s.onload = function() {\n            cb();\n        };\n    }\n\n    s.src = url;\n    document.getElementsByTagName(\"head\")[0].appendChild(s);\n})(\"https:\/\/static.adriasonline.it\/merida\/latest\/merida.js\", function() {\n    window.aoForm = merida(merida_config_merida_block);\n});\n<\/script>\n\n<\/div>\n    <\/div>\n<\/div>\n<\/section>\n\n<section class=\"wao-blocks-container container-fluid mb-0 sf-mappa\"\n\t\t>\n    \n<div class=\"wao-blocks-row row\" >\n    \n\n<div class=\"col-12 col-md-12 p-5\"\n     \n\t \n\t>\n        \n<div class=\"p-5\" style=\"height:100px;\"><\/div>\n\n<div class=\"position-relative text-center mx-auto mb-5\">\n<div class=\"g--bkg-dark-02 p-4 mx-auto position-absolute l--top z-index-10\" style=\"max-width:800px;margin-top:-50px;\" >\n\n\n<h2 class=\"has-text-align-center text-white py-0 my-0 line-ine-height-07 wp-block-heading\">Wo wir sind<\/h2>\n\n\n\n<h3 class=\"has-text-align-center h1 my-0 py-0 line-ine-height-07 wp-block-heading\">Ein paar Schritte vom Meer entfernt<\/h3>\n\n\n<\/div>\n\n<iframe class=\"js--lazy-load mx-auto\" title=\"Google-Karte Hotel Tre Rose Riccione\" data-src=\"https:\/\/www.google.com\/maps\/embed?pb=!1m14!1m8!1m3!1d91818.89200100978!2d12.578974989022592!3d44.014360299999986!3m2!1i1024!2i768!4f13.1!3m3!1m2!1s0x0%3A0x3695b204eb3282ad!2sHotel%20Tre%20Rose!5e0!3m2!1sit!2sit!4v1638462073195!5m2!1sit!2sit\" width=\"100%\" height=\"100%\" style=\"border:0;min-height:500px;max-width:1560px;\" allowfullscreen=\"\" loading=\"lazy\"><\/iframe>\n<\/div>\n    <\/div>\n<\/div>\n<\/section>","protected":false},"excerpt":{"rendered":"","protected":false},"author":1,"featured_media":0,"parent":0,"menu_order":0,"comment_status":"closed","ping_status":"closed","template":"","meta":{"footnotes":""},"class_list":["post-1054","page","type-page","status-publish","hentry"],"_links":{"self":[{"href":"https:\/\/www.hoteltrerose.com\/de\/wp-json\/wp\/v2\/pages\/1054","targetHints":{"allow":["GET"]}}],"collection":[{"href":"https:\/\/www.hoteltrerose.com\/de\/wp-json\/wp\/v2\/pages"}],"about":[{"href":"https:\/\/www.hoteltrerose.com\/de\/wp-json\/wp\/v2\/types\/page"}],"author":[{"embeddable":true,"href":"https:\/\/www.hoteltrerose.com\/de\/wp-json\/wp\/v2\/users\/1"}],"replies":[{"embeddable":true,"href":"https:\/\/www.hoteltrerose.com\/de\/wp-json\/wp\/v2\/comments?post=1054"}],"version-history":[{"count":55,"href":"https:\/\/www.hoteltrerose.com\/de\/wp-json\/wp\/v2\/pages\/1054\/revisions"}],"predecessor-version":[{"id":1897,"href":"https:\/\/www.hoteltrerose.com\/de\/wp-json\/wp\/v2\/pages\/1054\/revisions\/1897"}],"wp:attachment":[{"href":"https:\/\/www.hoteltrerose.com\/de\/wp-json\/wp\/v2\/media?parent=1054"}],"curies":[{"name":"wp","href":"https:\/\/api.w.org\/{rel}","templated":true}]}}